{"id":769,"date":"2018-11-06T15:11:35","date_gmt":"2018-11-06T14:11:35","guid":{"rendered":"http:\/\/www.opusdesign.fr\/opus\/?page_id=769"},"modified":"2024-12-06T14:13:30","modified_gmt":"2024-12-06T13:13:30","slug":"createur-de-solutions","status":"publish","type":"page","link":"https:\/\/www.opusdesign.fr\/opus\/","title":{"rendered":"OPUS DESIGN"},"content":{"rendered":"\n<p><p class=\"has-text-color\" style=\"color: #000000; font-size: 18px;\">Agence de\u00a0<strong>design global<\/strong>\u00a0fond\u00e9e en 1993, nous concevons vos produits, espaces et outils de communication.<\/p><br><p class=\"has-text-color\" style=\"color: #000000; font-size: 18px;\">Le design global vous permet, suivant vos besoins, d&rsquo;avoir\u00a0<strong>un interlocuteur unique<\/strong>\u00a0pour votre strat\u00e9gie, votre communication, vos produits et votre architecture.<\/p><\/p>\n\n\n\n<p><p style=\"font-size: 18px;\">De la recherche de marque \u00e0 la s\u00e9rie, en passant par le nom, l&rsquo;identit\u00e9 visuelle, les maquettes et prototypes,<\/p>\n<p style=\"font-size: 18px;\">le packaging et l&rsquo;environnement, nous vous accompagnons jusqu&rsquo;\u00e0 la r\u00e9ussite de vos projets.<\/p><\/p>\n\n\n\n<figure class=\"wp-block-pullquote\">\r\n<blockquote>\r\n<p>Sp\u00e9cialiste du design management, notre exp\u00e9rience de cr\u00e9ation innovante appuy\u00e9e sur les derni\u00e8res techniques de conception m\u00e9canique, de simulation et de prototypage rapide, alli\u00e9e \u00e0 une \u00e9coconception rigoureuse est\u00a0\u00e0 votre service.<\/p>\r\n<\/blockquote>\r\n<p>&nbsp;<\/p>\r\n<\/figure>\n\n\n\n<div class=\"wp-block-button aligncenter\"><a class=\"wp-block-button__link has-background wp-element-button\" href=\"https:\/\/www.opusdesign.fr\/opus\/contact\/\" style=\"background-color:#009ca6\"><strong>Pr\u00e9sentez-nous votre besoin<\/strong><\/a><\/div>\n","protected":false},"excerpt":{"rendered":"<p>Agence de\u00a0design global\u00a0fond\u00e9e en 1993, nous concevons vos produits, espaces et outils de communication. Le design global vous permet, suivant vos besoins, d&rsquo;avoir\u00a0un interlocuteur unique\u00a0pour votre strat\u00e9gie, votre communication, vos produits et votre architecture. De la recherche de marque \u00e0 la s\u00e9rie, en passant par le nom, l&rsquo;identit\u00e9 visuelle, les maquettes et prototypes, le packaging [&hellip;]<\/p>\n","protected":false},"author":1,"featured_media":0,"parent":0,"menu_order":0,"comment_status":"closed","ping_status":"closed","template":"","meta":{"footnotes":""},"class_list":["post-769","page","type-page","status-publish","hentry"],"yoast_head":"<!-- This site is optimized with the Yoast SEO plugin v26.9 - https:\/\/yoast.com\/product\/yoast-seo-wordpress\/ -->\n<title>OPUS DESIGN - OPUS Design produit communication<\/title>\n<meta name=\"description\" content=\"Agence de design industriel \/ global \u00e0 Metz en Lorraine expert \u00e9coconception de produit et syst\u00e8me B2B &amp; B2C. Prototypage rapide pour solutions innovantes OPUS Design produit communication\" \/>\n<meta name=\"robots\" content=\"index, follow, max-snippet:-1, max-image-preview:large, max-video-preview:-1\" \/>\n<link rel=\"canonical\" href=\"https:\/\/www.opusdesign.fr\/opus\/\" \/>\n<meta property=\"og:locale\" content=\"fr_FR\" \/>\n<meta property=\"og:type\" content=\"article\" \/>\n<meta property=\"og:title\" content=\"OPUS DESIGN - OPUS Design produit communication\" \/>\n<meta property=\"og:description\" content=\"Agence de design industriel \/ global \u00e0 Metz en Lorraine expert \u00e9coconception de produit et syst\u00e8me B2B &amp; B2C. Prototypage rapide pour solutions innovantes OPUS Design produit communication\" \/>\n<meta property=\"og:url\" content=\"https:\/\/www.opusdesign.fr\/opus\/\" \/>\n<meta property=\"og:site_name\" content=\"OPUS Design produit communication\" \/>\n<meta property=\"article:publisher\" content=\"https:\/\/www.facebook.com\/Opusdesignface\/\" \/>\n<meta property=\"article:modified_time\" content=\"2024-12-06T13:13:30+00:00\" \/>\n<meta name=\"twitter:card\" content=\"summary_large_image\" \/>\n<meta name=\"twitter:site\" content=\"@MikaLkitwiiit\" \/>\n<meta name=\"twitter:label1\" content=\"Dur\u00e9e de lecture estim\u00e9e\" \/>\n\t<meta name=\"twitter:data1\" content=\"1 minute\" \/>\n<script type=\"application\/ld+json\" class=\"yoast-schema-graph\">{\"@context\":\"https:\/\/schema.org\",\"@graph\":[{\"@type\":\"WebPage\",\"@id\":\"https:\/\/www.opusdesign.fr\/opus\/\",\"url\":\"https:\/\/www.opusdesign.fr\/opus\/\",\"name\":\"OPUS DESIGN - OPUS Design produit communication\",\"isPartOf\":{\"@id\":\"https:\/\/www.opusdesign.fr\/opus\/#website\"},\"datePublished\":\"2018-11-06T14:11:35+00:00\",\"dateModified\":\"2024-12-06T13:13:30+00:00\",\"description\":\"Agence de design industriel \/ global \u00e0 Metz en Lorraine expert \u00e9coconception de produit et syst\u00e8me B2B & B2C. Prototypage rapide pour solutions innovantes OPUS Design produit communication\",\"breadcrumb\":{\"@id\":\"https:\/\/www.opusdesign.fr\/opus\/#breadcrumb\"},\"inLanguage\":\"fr-FR\",\"potentialAction\":[{\"@type\":\"ReadAction\",\"target\":[\"https:\/\/www.opusdesign.fr\/opus\/\"]}]},{\"@type\":\"BreadcrumbList\",\"@id\":\"https:\/\/www.opusdesign.fr\/opus\/#breadcrumb\",\"itemListElement\":[{\"@type\":\"ListItem\",\"position\":1,\"name\":\"Accueil\",\"item\":\"https:\/\/www.opusdesign.fr\/opus\/\"},{\"@type\":\"ListItem\",\"position\":2,\"name\":\"OPUS DESIGN\"}]},{\"@type\":\"WebSite\",\"@id\":\"https:\/\/www.opusdesign.fr\/opus\/#website\",\"url\":\"https:\/\/www.opusdesign.fr\/opus\/\",\"name\":\"OPUS Design produit communication\",\"description\":\"Agence de Design Global - Createur d&#039;images - Metz Lorraine - design engineer\",\"publisher\":{\"@id\":\"https:\/\/www.opusdesign.fr\/opus\/#organization\"},\"alternateName\":\"OPUS DESIGN METZ\",\"potentialAction\":[{\"@type\":\"SearchAction\",\"target\":{\"@type\":\"EntryPoint\",\"urlTemplate\":\"https:\/\/www.opusdesign.fr\/opus\/?s={search_term_string}\"},\"query-input\":{\"@type\":\"PropertyValueSpecification\",\"valueRequired\":true,\"valueName\":\"search_term_string\"}}],\"inLanguage\":\"fr-FR\"},{\"@type\":\"Organization\",\"@id\":\"https:\/\/www.opusdesign.fr\/opus\/#organization\",\"name\":\"opus design\",\"alternateName\":\"OPUS DESIGN Lorraine\",\"url\":\"https:\/\/www.opusdesign.fr\/opus\/\",\"logo\":{\"@type\":\"ImageObject\",\"inLanguage\":\"fr-FR\",\"@id\":\"https:\/\/www.opusdesign.fr\/opus\/#\/schema\/logo\/image\/\",\"url\":\"https:\/\/www.opusdesign.fr\/opus\/wp-content\/uploads\/2023\/02\/opus23.png\",\"contentUrl\":\"https:\/\/www.opusdesign.fr\/opus\/wp-content\/uploads\/2023\/02\/opus23.png\",\"width\":102,\"height\":104,\"caption\":\"opus design\"},\"image\":{\"@id\":\"https:\/\/www.opusdesign.fr\/opus\/#\/schema\/logo\/image\/\"},\"sameAs\":[\"https:\/\/www.facebook.com\/Opusdesignface\/\",\"https:\/\/x.com\/MikaLkitwiiit\"]}]}<\/script>\n<!-- \/ Yoast SEO plugin. -->","yoast_head_json":{"title":"OPUS DESIGN - OPUS Design produit communication","description":"Agence de design industriel \/ global \u00e0 Metz en Lorraine expert \u00e9coconception de produit et syst\u00e8me B2B & B2C. Prototypage rapide pour solutions innovantes OPUS Design produit communication","robots":{"index":"index","follow":"follow","max-snippet":"max-snippet:-1","max-image-preview":"max-image-preview:large","max-video-preview":"max-video-preview:-1"},"canonical":"https:\/\/www.opusdesign.fr\/opus\/","og_locale":"fr_FR","og_type":"article","og_title":"OPUS DESIGN - OPUS Design produit communication","og_description":"Agence de design industriel \/ global \u00e0 Metz en Lorraine expert \u00e9coconception de produit et syst\u00e8me B2B & B2C. Prototypage rapide pour solutions innovantes OPUS Design produit communication","og_url":"https:\/\/www.opusdesign.fr\/opus\/","og_site_name":"OPUS Design produit communication","article_publisher":"https:\/\/www.facebook.com\/Opusdesignface\/","article_modified_time":"2024-12-06T13:13:30+00:00","twitter_card":"summary_large_image","twitter_site":"@MikaLkitwiiit","twitter_misc":{"Dur\u00e9e de lecture estim\u00e9e":"1 minute"},"schema":{"@context":"https:\/\/schema.org","@graph":[{"@type":"WebPage","@id":"https:\/\/www.opusdesign.fr\/opus\/","url":"https:\/\/www.opusdesign.fr\/opus\/","name":"OPUS DESIGN - OPUS Design produit communication","isPartOf":{"@id":"https:\/\/www.opusdesign.fr\/opus\/#website"},"datePublished":"2018-11-06T14:11:35+00:00","dateModified":"2024-12-06T13:13:30+00:00","description":"Agence de design industriel \/ global \u00e0 Metz en Lorraine expert \u00e9coconception de produit et syst\u00e8me B2B & B2C. Prototypage rapide pour solutions innovantes OPUS Design produit communication","breadcrumb":{"@id":"https:\/\/www.opusdesign.fr\/opus\/#breadcrumb"},"inLanguage":"fr-FR","potentialAction":[{"@type":"ReadAction","target":["https:\/\/www.opusdesign.fr\/opus\/"]}]},{"@type":"BreadcrumbList","@id":"https:\/\/www.opusdesign.fr\/opus\/#breadcrumb","itemListElement":[{"@type":"ListItem","position":1,"name":"Accueil","item":"https:\/\/www.opusdesign.fr\/opus\/"},{"@type":"ListItem","position":2,"name":"OPUS DESIGN"}]},{"@type":"WebSite","@id":"https:\/\/www.opusdesign.fr\/opus\/#website","url":"https:\/\/www.opusdesign.fr\/opus\/","name":"OPUS Design produit communication","description":"Agence de Design Global - Createur d&#039;images - Metz Lorraine - design engineer","publisher":{"@id":"https:\/\/www.opusdesign.fr\/opus\/#organization"},"alternateName":"OPUS DESIGN METZ","potentialAction":[{"@type":"SearchAction","target":{"@type":"EntryPoint","urlTemplate":"https:\/\/www.opusdesign.fr\/opus\/?s={search_term_string}"},"query-input":{"@type":"PropertyValueSpecification","valueRequired":true,"valueName":"search_term_string"}}],"inLanguage":"fr-FR"},{"@type":"Organization","@id":"https:\/\/www.opusdesign.fr\/opus\/#organization","name":"opus design","alternateName":"OPUS DESIGN Lorraine","url":"https:\/\/www.opusdesign.fr\/opus\/","logo":{"@type":"ImageObject","inLanguage":"fr-FR","@id":"https:\/\/www.opusdesign.fr\/opus\/#\/schema\/logo\/image\/","url":"https:\/\/www.opusdesign.fr\/opus\/wp-content\/uploads\/2023\/02\/opus23.png","contentUrl":"https:\/\/www.opusdesign.fr\/opus\/wp-content\/uploads\/2023\/02\/opus23.png","width":102,"height":104,"caption":"opus design"},"image":{"@id":"https:\/\/www.opusdesign.fr\/opus\/#\/schema\/logo\/image\/"},"sameAs":["https:\/\/www.facebook.com\/Opusdesignface\/","https:\/\/x.com\/MikaLkitwiiit"]}]}},"_links":{"self":[{"href":"https:\/\/www.opusdesign.fr\/opus\/wp-json\/wp\/v2\/pages\/769","targetHints":{"allow":["GET"]}}],"collection":[{"href":"https:\/\/www.opusdesign.fr\/opus\/wp-json\/wp\/v2\/pages"}],"about":[{"href":"https:\/\/www.opusdesign.fr\/opus\/wp-json\/wp\/v2\/types\/page"}],"author":[{"embeddable":true,"href":"https:\/\/www.opusdesign.fr\/opus\/wp-json\/wp\/v2\/users\/1"}],"replies":[{"embeddable":true,"href":"https:\/\/www.opusdesign.fr\/opus\/wp-json\/wp\/v2\/comments?post=769"}],"version-history":[{"count":2,"href":"https:\/\/www.opusdesign.fr\/opus\/wp-json\/wp\/v2\/pages\/769\/revisions"}],"predecessor-version":[{"id":4027,"href":"https:\/\/www.opusdesign.fr\/opus\/wp-json\/wp\/v2\/pages\/769\/revisions\/4027"}],"wp:attachment":[{"href":"https:\/\/www.opusdesign.fr\/opus\/wp-json\/wp\/v2\/media?parent=769"}],"curies":[{"name":"wp","href":"https:\/\/api.w.org\/{rel}","templated":true}]}}