{"id":287,"date":"2018-10-21T13:13:14","date_gmt":"2018-10-21T13:13:14","guid":{"rendered":"http:\/\/www.demos.machothemes.com\/antreas-pro\/?page_id=247"},"modified":"2025-09-10T17:08:07","modified_gmt":"2025-09-10T15:08:07","slug":"methodologie","status":"publish","type":"page","link":"https:\/\/www.opusdesign.fr\/opus\/createur-de-solutions\/methodologie\/","title":{"rendered":"M\u00e9thodologie"},"content":{"rendered":"\t\t<div data-elementor-type=\"wp-post\" data-elementor-id=\"287\" class=\"elementor elementor-287\">\n\t\t\t\t\t\t<section class=\"elementor-section elementor-top-section elementor-element elementor-element-13d87a89 elementor-section-boxed elementor-section-height-default elementor-section-height-default\" data-id=\"13d87a89\" data-element_type=\"section\" data-e-type=\"section\">\n\t\t\t\t\t\t<div class=\"elementor-container elementor-column-gap-default\">\n\t\t\t\t\t<div class=\"elementor-column elementor-col-100 elementor-top-column elementor-element elementor-element-2fb4a06e\" data-id=\"2fb4a06e\" data-element_type=\"column\" data-e-type=\"column\">\n\t\t\t<div class=\"elementor-widget-wrap elementor-element-populated\">\n\t\t\t\t\t\t<div class=\"elementor-element elementor-element-687e9082 animated-fast elementor-invisible elementor-widget elementor-widget-text-editor\" data-id=\"687e9082\" data-element_type=\"widget\" data-e-type=\"widget\" data-settings=\"{&quot;_animation&quot;:&quot;slideInUp&quot;}\" data-widget_type=\"text-editor.default\">\n\t\t\t\t<div class=\"elementor-widget-container\">\n\t\t\t\t\t\t\t\t\t<h5>Quels sont les avantages du design global ?<\/h5>\n<p>Le design industriel est le r\u00e9sultat de la synth\u00e8se de trois univers\u00a0\u00a0:<\/p>\n<p>&#8211; Le produit<\/p>\n<p>&#8211; L&rsquo;usage et les usagers<\/p>\n<p>&#8211; Le marketing<\/p>\n<div title=\"Page 3\">\n<h5>\u00c0 la fois technicien et artiste, le designer est un rouage essentiel \u00e0 la r\u00e9ussite de l&rsquo;innovation industrielle et commerciale.\u00a0<\/h5>\n<\/div>\n<p>Les designers se pr\u00e9occupent des \u00e9l\u00e9ments conditionnant la relation entre le produit, son utilisateur et l&rsquo;environnement.<\/p>\n<p>Ils sont avant tout des hommes de cr\u00e9ation et d&rsquo;innovation.<\/p>\n<p>Apr\u00e8s une analyse de design thinking, incluant : technique, technologique et \u00e9conomique, ils cr\u00e9ent des syst\u00e8mes, formes, mati\u00e8res, couleurs, structures&#8230; permettant d&rsquo;am\u00e9liorer tous les aspects du projet.\u00a0<\/p>\n<p>Pour cela, les designers font appel \u00e0 des disciplines aussi vari\u00e9es que les technologies, la psychologie, la sociologie, le marketing&#8230; tout en gardant leurs m\u00e9thodologies sp\u00e9cifiques.<\/p>\n<p>Homme de communication le designer permet par ses croquis\/maquettes\/prototypes de mettre en image des id\u00e9es et des concepts. Lorsque nous lisons un livre chacun se cr\u00e9e sa propre image mentale de ce qu&rsquo;il lit. Communiquer par les dessins et maquettes laisse moins de place \u00e0 l&rsquo;imaginaire individuel et permet d&rsquo;affiner les concepts. Il y a moins d&rsquo;erreurs d&rsquo;interpr\u00e9tation qu&rsquo;avec un tableau Excel ou document texte.<\/p>\n<p>\u00a0<\/p>\n<h5>Comment se d\u00e9roule une \u00e9tude design ?<\/h5>\n<ul>\n<li>Nous \u00e9tablissons ensemble un cahier des charges et d&rsquo;objectifs.<\/li>\n<li>Une premi\u00e8re phase cr\u00e9ative, la<b> PR\u00c9-\u00c9TUDE<\/b>, pose des directions formelles et techniques.<\/li>\n<li>Nous s\u00e9lectionnons ensemble une ou plusieurs solutions, et d\u00e9veloppons l&rsquo;<strong>\u00c9TUDE<\/strong> technique et industrielle en fonction de vos objectifs marketing.<\/li>\n<li>Nous r\u00e9alisons, <b>maquettes<\/b> et <b>prototypes<\/b>, <b>packaging<\/b> et <b>documents commerciaux<\/b> (notices, manuels, guide installateur et utilisateur\u2026)<\/li>\n<li>D\u00e9p\u00f4ts de <b>mod\u00e8les<\/b> INPI et brevets<\/li>\n<li>Recherche de fournisseurs &#8211; <b>partenaires<\/b> &#8230;<\/li>\n<li><b>Retail<\/b> : Agencement &#8211; Boutique &#8211; Vente \u00e0 distance &#8211; Site Web &#8211; e-commerce &#8211; App &#8230;<\/li>\n<li>Suivi de fabrication &#8211; SAV &#8211; Maintenance&#8230;<\/li>\n<\/ul>\n<p>Ces \u00e9tapes (et d&rsquo;autres) sont choisies pour correspondre \u00e0 votre projet.<\/p>\n<p><\/p>\n<p>\n<\/p>\t\t\t\t\t\t\t\t<\/div>\n\t\t\t\t<\/div>\n\t\t\t\t<div class=\"elementor-element elementor-element-be2f3f7 elementor-widget elementor-widget-heading\" data-id=\"be2f3f7\" data-element_type=\"widget\" data-e-type=\"widget\" data-widget_type=\"heading.default\">\n\t\t\t\t<div class=\"elementor-widget-container\">\n\t\t\t\t\t<h3 class=\"elementor-heading-title elementor-size-default\">Exemple d'\u00e9tude design : un mobilier didactique.<\/h3>\t\t\t\t<\/div>\n\t\t\t\t<\/div>\n\t\t\t\t<div class=\"elementor-element elementor-element-62e8805 animated-fast elementor-invisible elementor-widget elementor-widget-image\" data-id=\"62e8805\" data-element_type=\"widget\" data-e-type=\"widget\" data-settings=\"{&quot;_animation&quot;:&quot;fadeInLeft&quot;}\" data-widget_type=\"image.default\">\n\t\t\t\t<div class=\"elementor-widget-container\">\n\t\t\t\t\t\t\t\t\t\t\t\t\t\t\t<img fetchpriority=\"high\" decoding=\"async\" width=\"886\" height=\"1236\" src=\"https:\/\/www.opusdesign.fr\/opus\/wp-content\/uploads\/2021\/10\/design_global.webp\" class=\"attachment-full size-full wp-image-3382\" alt=\"\" srcset=\"https:\/\/www.opusdesign.fr\/opus\/wp-content\/uploads\/2021\/10\/design_global.webp 886w, https:\/\/www.opusdesign.fr\/opus\/wp-content\/uploads\/2021\/10\/design_global-358x500.webp 358w, https:\/\/www.opusdesign.fr\/opus\/wp-content\/uploads\/2021\/10\/design_global-768x1071.webp 768w\" sizes=\"(max-width: 886px) 100vw, 886px\" \/>\t\t\t\t\t\t\t\t\t\t\t\t\t\t\t<\/div>\n\t\t\t\t<\/div>\n\t\t\t\t<div class=\"elementor-element elementor-element-03c3350 elementor-widget elementor-widget-heading\" data-id=\"03c3350\" data-element_type=\"widget\" data-e-type=\"widget\" data-widget_type=\"heading.default\">\n\t\t\t\t<div class=\"elementor-widget-container\">\n\t\t\t\t\t<h4 class=\"elementor-heading-title elementor-size-default\">Utilisez votre souris pour d\u00e9placer l'objet<\/h4>\t\t\t\t<\/div>\n\t\t\t\t<\/div>\n\t\t\t\t<div class=\"elementor-element elementor-element-cd8ef49 animated-fast elementor-invisible elementor-widget elementor-widget-html\" data-id=\"cd8ef49\" data-element_type=\"widget\" data-e-type=\"widget\" data-settings=\"{&quot;_animation&quot;:&quot;fadeIn&quot;}\" data-widget_type=\"html.default\">\n\t\t\t\t<div class=\"elementor-widget-container\">\n\t\t\t\t\t<div style=\"max-width: 1023px; max-height: 576px;\">\n  <div style=\"left: 0px; width: 100%; height: 0px; position: relative; padding-bottom: 56.305%; overflow: hidden;\">\n    <iframe src=\"https:\/\/www.opusdesign.fr\/opus\/ANIM%20VR\/tri%20edre%202019_XR.259.html\"\n                 allowfullscreen\n                 style=\"position: absolute; top: 0px; left: 0px; height: 100%; width: 1px; min-width: 100%; *width: 100%;\"\n                 frameborder=\"0\"\n                 scrolling=\"no\">\n    <\/iframe>\n  <\/div>\n<\/div>\t\t\t\t<\/div>\n\t\t\t\t<\/div>\n\t\t\t\t<div class=\"elementor-element elementor-element-ef2aa5c animated-fast elementor-invisible elementor-widget elementor-widget-image\" data-id=\"ef2aa5c\" data-element_type=\"widget\" data-e-type=\"widget\" data-settings=\"{&quot;_animation&quot;:&quot;slideInUp&quot;}\" data-widget_type=\"image.default\">\n\t\t\t\t<div class=\"elementor-widget-container\">\n\t\t\t\t\t\t\t\t\t\t\t\t\t\t\t<img decoding=\"async\" width=\"500\" height=\"332\" src=\"https:\/\/www.opusdesign.fr\/opus\/wp-content\/uploads\/2025\/09\/triedre-DSC_0543-500x332-25.webp\" class=\"attachment-medium_large size-medium_large wp-image-4004\" alt=\"\" \/>\t\t\t\t\t\t\t\t\t\t\t\t\t\t\t<\/div>\n\t\t\t\t<\/div>\n\t\t\t\t<div class=\"elementor-element elementor-element-b1182bf elementor-invisible elementor-widget elementor-widget-heading\" data-id=\"b1182bf\" data-element_type=\"widget\" data-e-type=\"widget\" data-settings=\"{&quot;_animation&quot;:&quot;bounce&quot;}\" data-widget_type=\"heading.default\">\n\t\t\t\t<div class=\"elementor-widget-container\">\n\t\t\t\t\t<h5 class=\"elementor-heading-title elementor-size-large\">Vous avez un projet ? Contactez-nous !<\/h5>\t\t\t\t<\/div>\n\t\t\t\t<\/div>\n\t\t\t\t<section class=\"elementor-section elementor-inner-section elementor-element elementor-element-ca35cf3 elementor-section-boxed elementor-section-height-default elementor-section-height-default\" data-id=\"ca35cf3\" data-element_type=\"section\" data-e-type=\"section\">\n\t\t\t\t\t\t<div class=\"elementor-container elementor-column-gap-default\">\n\t\t\t\t\t<div class=\"elementor-column elementor-col-50 elementor-inner-column elementor-element elementor-element-452dceb\" data-id=\"452dceb\" data-element_type=\"column\" data-e-type=\"column\">\n\t\t\t<div class=\"elementor-widget-wrap elementor-element-populated\">\n\t\t\t\t\t\t<div class=\"elementor-element elementor-element-9a2d28d animated-fast elementor-invisible elementor-widget elementor-widget-shortcode\" data-id=\"9a2d28d\" data-element_type=\"widget\" data-e-type=\"widget\" data-settings=\"{&quot;_animation&quot;:&quot;slideInUp&quot;}\" data-widget_type=\"shortcode.default\">\n\t\t\t\t<div class=\"elementor-widget-container\">\n\t\t\t\t\t\t\t<div class=\"elementor-shortcode\">\n<div class=\"wpcf7 no-js\" id=\"wpcf7-f418-o1\" lang=\"fr-FR\" dir=\"ltr\" data-wpcf7-id=\"418\">\n<div class=\"screen-reader-response\"><p role=\"status\" aria-live=\"polite\" aria-atomic=\"true\"><\/p> <ul><\/ul><\/div>\n<form action=\"\/opus\/wp-json\/wp\/v2\/pages\/287#wpcf7-f418-o1\" method=\"post\" class=\"wpcf7-form init\" aria-label=\"Formulaire de contact\" novalidate=\"novalidate\" data-status=\"init\">\n<fieldset class=\"hidden-fields-container\"><input type=\"hidden\" name=\"_wpcf7\" value=\"418\" \/><input type=\"hidden\" name=\"_wpcf7_version\" value=\"6.1.5\" \/><input type=\"hidden\" name=\"_wpcf7_locale\" value=\"fr_FR\" \/><input type=\"hidden\" name=\"_wpcf7_unit_tag\" value=\"wpcf7-f418-o1\" \/><input type=\"hidden\" name=\"_wpcf7_container_post\" value=\"0\" \/><input type=\"hidden\" name=\"_wpcf7_posted_data_hash\" value=\"\" \/><input type=\"hidden\" name=\"_wpcf7_recaptcha_response\" value=\"\" \/>\n<\/fieldset>\n<p><label> Votre nom (obligatoire)<br \/>\n<span class=\"wpcf7-form-control-wrap\" data-name=\"your-name\"><input size=\"40\" maxlength=\"400\" class=\"wpcf7-form-control wpcf7-text wpcf7-validates-as-required\" aria-required=\"true\" aria-invalid=\"false\" value=\"\" type=\"text\" name=\"your-name\" \/><\/span> <\/label>\n<\/p>\n<p><label> Votre adresse de messagerie (obligatoire)<br \/>\n<span class=\"wpcf7-form-control-wrap\" data-name=\"your-email\"><input size=\"40\" maxlength=\"400\" class=\"wpcf7-form-control wpcf7-email wpcf7-validates-as-required wpcf7-text wpcf7-validates-as-email\" aria-required=\"true\" aria-invalid=\"false\" value=\"\" type=\"email\" name=\"your-email\" \/><\/span> <\/label>\n<\/p>\n<p><label> Objet<br \/>\n<span class=\"wpcf7-form-control-wrap\" data-name=\"your-subject\"><input size=\"40\" maxlength=\"400\" class=\"wpcf7-form-control wpcf7-text\" aria-invalid=\"false\" value=\"\" type=\"text\" name=\"your-subject\" \/><\/span> <\/label>\n<\/p>\n<p><label> Votre message<br \/>\n<span class=\"wpcf7-form-control-wrap\" data-name=\"your-message\"><textarea cols=\"40\" rows=\"10\" maxlength=\"2000\" class=\"wpcf7-form-control wpcf7-textarea\" aria-invalid=\"false\" name=\"your-message\"><\/textarea><\/span> <\/label>\n<\/p>\n<p><input class=\"wpcf7-form-control wpcf7-submit has-spinner\" type=\"submit\" value=\"Envoyer\" \/>\n<\/p>\n<div class=\"wpcf7-response-output\" aria-hidden=\"true\"><\/div>\n<\/form>\n<\/div>\n<\/div>\n\t\t\t\t\t\t<\/div>\n\t\t\t\t<\/div>\n\t\t\t\t\t<\/div>\n\t\t<\/div>\n\t\t\t\t<div class=\"elementor-column elementor-col-50 elementor-inner-column elementor-element elementor-element-9486cc2\" data-id=\"9486cc2\" data-element_type=\"column\" data-e-type=\"column\">\n\t\t\t<div class=\"elementor-widget-wrap elementor-element-populated\">\n\t\t\t\t\t\t<div class=\"elementor-element elementor-element-259dc8f animated-fast elementor-invisible elementor-widget elementor-widget-image\" data-id=\"259dc8f\" data-element_type=\"widget\" data-e-type=\"widget\" data-settings=\"{&quot;_animation&quot;:&quot;zoomIn&quot;}\" data-widget_type=\"image.default\">\n\t\t\t\t<div class=\"elementor-widget-container\">\n\t\t\t\t\t\t\t\t\t\t\t\t\t\t\t<img decoding=\"async\" width=\"358\" height=\"500\" src=\"https:\/\/www.opusdesign.fr\/opus\/wp-content\/uploads\/2025\/09\/cadixpaint-358x500-25.webp\" class=\"attachment-medium_large size-medium_large wp-image-4005\" alt=\"\" \/>\t\t\t\t\t\t\t\t\t\t\t\t\t\t\t<\/div>\n\t\t\t\t<\/div>\n\t\t\t\t\t<\/div>\n\t\t<\/div>\n\t\t\t\t\t<\/div>\n\t\t<\/section>\n\t\t\t\t\t<\/div>\n\t\t<\/div>\n\t\t\t\t\t<\/div>\n\t\t<\/section>\n\t\t\t\t<\/div>\n\t\t","protected":false},"excerpt":{"rendered":"<p>Comment ce d\u00e9roule une \u00e9tude design ?<\/p>\n","protected":false},"author":1,"featured_media":4001,"parent":769,"menu_order":0,"comment_status":"closed","ping_status":"closed","template":"","meta":{"footnotes":""},"class_list":["post-287","page","type-page","status-publish","has-post-thumbnail","hentry"],"yoast_head":"<!-- This site is optimized with the Yoast SEO plugin v26.9 - https:\/\/yoast.com\/product\/yoast-seo-wordpress\/ -->\n<title>M\u00e9thodologie - OPUS Design produit communication<\/title>\n<meta name=\"description\" content=\"agence design global metz OPUS Design produit communication\" \/>\n<meta name=\"robots\" content=\"index, follow, max-snippet:-1, max-image-preview:large, max-video-preview:-1\" \/>\n<link rel=\"canonical\" href=\"https:\/\/www.opusdesign.fr\/opus\/createur-de-solutions\/methodologie\/\" \/>\n<meta property=\"og:locale\" content=\"fr_FR\" \/>\n<meta property=\"og:type\" content=\"article\" \/>\n<meta property=\"og:title\" content=\"M\u00e9thodologie - OPUS Design produit communication\" \/>\n<meta property=\"og:description\" content=\"agence design global metz OPUS Design produit communication\" \/>\n<meta property=\"og:url\" content=\"https:\/\/www.opusdesign.fr\/opus\/createur-de-solutions\/methodologie\/\" \/>\n<meta property=\"og:site_name\" content=\"OPUS Design produit communication\" \/>\n<meta property=\"article:publisher\" content=\"https:\/\/www.facebook.com\/Opusdesignface\/\" \/>\n<meta property=\"article:modified_time\" content=\"2025-09-10T15:08:07+00:00\" \/>\n<meta property=\"og:image\" content=\"https:\/\/www.opusdesign.fr\/opus\/wp-content\/uploads\/2025\/09\/Robot-bl25.webp\" \/>\n\t<meta property=\"og:image:width\" content=\"350\" \/>\n\t<meta property=\"og:image:height\" content=\"233\" \/>\n\t<meta property=\"og:image:type\" content=\"image\/webp\" \/>\n<meta name=\"twitter:card\" content=\"summary_large_image\" \/>\n<meta name=\"twitter:site\" content=\"@MikaLkitwiiit\" \/>\n<meta name=\"twitter:label1\" content=\"Dur\u00e9e de lecture estim\u00e9e\" \/>\n\t<meta name=\"twitter:data1\" content=\"3 minutes\" \/>\n<script type=\"application\/ld+json\" class=\"yoast-schema-graph\">{\"@context\":\"https:\/\/schema.org\",\"@graph\":[{\"@type\":\"WebPage\",\"@id\":\"https:\/\/www.opusdesign.fr\/opus\/createur-de-solutions\/methodologie\/\",\"url\":\"https:\/\/www.opusdesign.fr\/opus\/createur-de-solutions\/methodologie\/\",\"name\":\"M\u00e9thodologie - OPUS Design produit communication\",\"isPartOf\":{\"@id\":\"https:\/\/www.opusdesign.fr\/opus\/#website\"},\"primaryImageOfPage\":{\"@id\":\"https:\/\/www.opusdesign.fr\/opus\/createur-de-solutions\/methodologie\/#primaryimage\"},\"image\":{\"@id\":\"https:\/\/www.opusdesign.fr\/opus\/createur-de-solutions\/methodologie\/#primaryimage\"},\"thumbnailUrl\":\"https:\/\/www.opusdesign.fr\/opus\/wp-content\/uploads\/2025\/09\/Robot-bl25.webp\",\"datePublished\":\"2018-10-21T13:13:14+00:00\",\"dateModified\":\"2025-09-10T15:08:07+00:00\",\"description\":\"agence design global metz OPUS Design produit communication\",\"breadcrumb\":{\"@id\":\"https:\/\/www.opusdesign.fr\/opus\/createur-de-solutions\/methodologie\/#breadcrumb\"},\"inLanguage\":\"fr-FR\",\"potentialAction\":[{\"@type\":\"ReadAction\",\"target\":[\"https:\/\/www.opusdesign.fr\/opus\/createur-de-solutions\/methodologie\/\"]}]},{\"@type\":\"ImageObject\",\"inLanguage\":\"fr-FR\",\"@id\":\"https:\/\/www.opusdesign.fr\/opus\/createur-de-solutions\/methodologie\/#primaryimage\",\"url\":\"https:\/\/www.opusdesign.fr\/opus\/wp-content\/uploads\/2025\/09\/Robot-bl25.webp\",\"contentUrl\":\"https:\/\/www.opusdesign.fr\/opus\/wp-content\/uploads\/2025\/09\/Robot-bl25.webp\",\"width\":350,\"height\":233},{\"@type\":\"BreadcrumbList\",\"@id\":\"https:\/\/www.opusdesign.fr\/opus\/createur-de-solutions\/methodologie\/#breadcrumb\",\"itemListElement\":[{\"@type\":\"ListItem\",\"position\":1,\"name\":\"Accueil\",\"item\":\"https:\/\/www.opusdesign.fr\/opus\/\"},{\"@type\":\"ListItem\",\"position\":2,\"name\":\"OPUS DESIGN\",\"item\":\"https:\/\/www.opusdesign.fr\/opus\/\"},{\"@type\":\"ListItem\",\"position\":3,\"name\":\"M\u00e9thodologie\"}]},{\"@type\":\"WebSite\",\"@id\":\"https:\/\/www.opusdesign.fr\/opus\/#website\",\"url\":\"https:\/\/www.opusdesign.fr\/opus\/\",\"name\":\"OPUS Design produit communication\",\"description\":\"Agence de Design Global - Createur d&#039;images - Metz Lorraine - design engineer\",\"publisher\":{\"@id\":\"https:\/\/www.opusdesign.fr\/opus\/#organization\"},\"alternateName\":\"OPUS DESIGN METZ\",\"potentialAction\":[{\"@type\":\"SearchAction\",\"target\":{\"@type\":\"EntryPoint\",\"urlTemplate\":\"https:\/\/www.opusdesign.fr\/opus\/?s={search_term_string}\"},\"query-input\":{\"@type\":\"PropertyValueSpecification\",\"valueRequired\":true,\"valueName\":\"search_term_string\"}}],\"inLanguage\":\"fr-FR\"},{\"@type\":\"Organization\",\"@id\":\"https:\/\/www.opusdesign.fr\/opus\/#organization\",\"name\":\"opus design\",\"alternateName\":\"OPUS DESIGN Lorraine\",\"url\":\"https:\/\/www.opusdesign.fr\/opus\/\",\"logo\":{\"@type\":\"ImageObject\",\"inLanguage\":\"fr-FR\",\"@id\":\"https:\/\/www.opusdesign.fr\/opus\/#\/schema\/logo\/image\/\",\"url\":\"https:\/\/www.opusdesign.fr\/opus\/wp-content\/uploads\/2023\/02\/opus23.png\",\"contentUrl\":\"https:\/\/www.opusdesign.fr\/opus\/wp-content\/uploads\/2023\/02\/opus23.png\",\"width\":102,\"height\":104,\"caption\":\"opus design\"},\"image\":{\"@id\":\"https:\/\/www.opusdesign.fr\/opus\/#\/schema\/logo\/image\/\"},\"sameAs\":[\"https:\/\/www.facebook.com\/Opusdesignface\/\",\"https:\/\/x.com\/MikaLkitwiiit\"]}]}<\/script>\n<!-- \/ Yoast SEO plugin. -->","yoast_head_json":{"title":"M\u00e9thodologie - OPUS Design produit communication","description":"agence design global metz OPUS Design produit communication","robots":{"index":"index","follow":"follow","max-snippet":"max-snippet:-1","max-image-preview":"max-image-preview:large","max-video-preview":"max-video-preview:-1"},"canonical":"https:\/\/www.opusdesign.fr\/opus\/createur-de-solutions\/methodologie\/","og_locale":"fr_FR","og_type":"article","og_title":"M\u00e9thodologie - OPUS Design produit communication","og_description":"agence design global metz OPUS Design produit communication","og_url":"https:\/\/www.opusdesign.fr\/opus\/createur-de-solutions\/methodologie\/","og_site_name":"OPUS Design produit communication","article_publisher":"https:\/\/www.facebook.com\/Opusdesignface\/","article_modified_time":"2025-09-10T15:08:07+00:00","og_image":[{"width":350,"height":233,"url":"https:\/\/www.opusdesign.fr\/opus\/wp-content\/uploads\/2025\/09\/Robot-bl25.webp","type":"image\/webp"}],"twitter_card":"summary_large_image","twitter_site":"@MikaLkitwiiit","twitter_misc":{"Dur\u00e9e de lecture estim\u00e9e":"3 minutes"},"schema":{"@context":"https:\/\/schema.org","@graph":[{"@type":"WebPage","@id":"https:\/\/www.opusdesign.fr\/opus\/createur-de-solutions\/methodologie\/","url":"https:\/\/www.opusdesign.fr\/opus\/createur-de-solutions\/methodologie\/","name":"M\u00e9thodologie - OPUS Design produit communication","isPartOf":{"@id":"https:\/\/www.opusdesign.fr\/opus\/#website"},"primaryImageOfPage":{"@id":"https:\/\/www.opusdesign.fr\/opus\/createur-de-solutions\/methodologie\/#primaryimage"},"image":{"@id":"https:\/\/www.opusdesign.fr\/opus\/createur-de-solutions\/methodologie\/#primaryimage"},"thumbnailUrl":"https:\/\/www.opusdesign.fr\/opus\/wp-content\/uploads\/2025\/09\/Robot-bl25.webp","datePublished":"2018-10-21T13:13:14+00:00","dateModified":"2025-09-10T15:08:07+00:00","description":"agence design global metz OPUS Design produit communication","breadcrumb":{"@id":"https:\/\/www.opusdesign.fr\/opus\/createur-de-solutions\/methodologie\/#breadcrumb"},"inLanguage":"fr-FR","potentialAction":[{"@type":"ReadAction","target":["https:\/\/www.opusdesign.fr\/opus\/createur-de-solutions\/methodologie\/"]}]},{"@type":"ImageObject","inLanguage":"fr-FR","@id":"https:\/\/www.opusdesign.fr\/opus\/createur-de-solutions\/methodologie\/#primaryimage","url":"https:\/\/www.opusdesign.fr\/opus\/wp-content\/uploads\/2025\/09\/Robot-bl25.webp","contentUrl":"https:\/\/www.opusdesign.fr\/opus\/wp-content\/uploads\/2025\/09\/Robot-bl25.webp","width":350,"height":233},{"@type":"BreadcrumbList","@id":"https:\/\/www.opusdesign.fr\/opus\/createur-de-solutions\/methodologie\/#breadcrumb","itemListElement":[{"@type":"ListItem","position":1,"name":"Accueil","item":"https:\/\/www.opusdesign.fr\/opus\/"},{"@type":"ListItem","position":2,"name":"OPUS DESIGN","item":"https:\/\/www.opusdesign.fr\/opus\/"},{"@type":"ListItem","position":3,"name":"M\u00e9thodologie"}]},{"@type":"WebSite","@id":"https:\/\/www.opusdesign.fr\/opus\/#website","url":"https:\/\/www.opusdesign.fr\/opus\/","name":"OPUS Design produit communication","description":"Agence de Design Global - Createur d&#039;images - Metz Lorraine - design engineer","publisher":{"@id":"https:\/\/www.opusdesign.fr\/opus\/#organization"},"alternateName":"OPUS DESIGN METZ","potentialAction":[{"@type":"SearchAction","target":{"@type":"EntryPoint","urlTemplate":"https:\/\/www.opusdesign.fr\/opus\/?s={search_term_string}"},"query-input":{"@type":"PropertyValueSpecification","valueRequired":true,"valueName":"search_term_string"}}],"inLanguage":"fr-FR"},{"@type":"Organization","@id":"https:\/\/www.opusdesign.fr\/opus\/#organization","name":"opus design","alternateName":"OPUS DESIGN Lorraine","url":"https:\/\/www.opusdesign.fr\/opus\/","logo":{"@type":"ImageObject","inLanguage":"fr-FR","@id":"https:\/\/www.opusdesign.fr\/opus\/#\/schema\/logo\/image\/","url":"https:\/\/www.opusdesign.fr\/opus\/wp-content\/uploads\/2023\/02\/opus23.png","contentUrl":"https:\/\/www.opusdesign.fr\/opus\/wp-content\/uploads\/2023\/02\/opus23.png","width":102,"height":104,"caption":"opus design"},"image":{"@id":"https:\/\/www.opusdesign.fr\/opus\/#\/schema\/logo\/image\/"},"sameAs":["https:\/\/www.facebook.com\/Opusdesignface\/","https:\/\/x.com\/MikaLkitwiiit"]}]}},"_links":{"self":[{"href":"https:\/\/www.opusdesign.fr\/opus\/wp-json\/wp\/v2\/pages\/287","targetHints":{"allow":["GET"]}}],"collection":[{"href":"https:\/\/www.opusdesign.fr\/opus\/wp-json\/wp\/v2\/pages"}],"about":[{"href":"https:\/\/www.opusdesign.fr\/opus\/wp-json\/wp\/v2\/types\/page"}],"author":[{"embeddable":true,"href":"https:\/\/www.opusdesign.fr\/opus\/wp-json\/wp\/v2\/users\/1"}],"replies":[{"embeddable":true,"href":"https:\/\/www.opusdesign.fr\/opus\/wp-json\/wp\/v2\/comments?post=287"}],"version-history":[{"count":25,"href":"https:\/\/www.opusdesign.fr\/opus\/wp-json\/wp\/v2\/pages\/287\/revisions"}],"predecessor-version":[{"id":4008,"href":"https:\/\/www.opusdesign.fr\/opus\/wp-json\/wp\/v2\/pages\/287\/revisions\/4008"}],"up":[{"embeddable":true,"href":"https:\/\/www.opusdesign.fr\/opus\/wp-json\/wp\/v2\/pages\/769"}],"wp:featuredmedia":[{"embeddable":true,"href":"https:\/\/www.opusdesign.fr\/opus\/wp-json\/wp\/v2\/media\/4001"}],"wp:attachment":[{"href":"https:\/\/www.opusdesign.fr\/opus\/wp-json\/wp\/v2\/media?parent=287"}],"curies":[{"name":"wp","href":"https:\/\/api.w.org\/{rel}","templated":true}]}}