{"id":2326,"date":"2019-05-28T10:44:30","date_gmt":"2019-05-28T08:44:30","guid":{"rendered":"https:\/\/www.opusdesign.fr\/opus\/?page_id=2326"},"modified":"2020-03-09T12:42:50","modified_gmt":"2020-03-09T11:42:50","slug":"design-espaces","status":"publish","type":"page","link":"https:\/\/www.opusdesign.fr\/opus\/design-espaces\/","title":{"rendered":"Design espaces"},"content":{"rendered":"\t\t<div data-elementor-type=\"wp-post\" data-elementor-id=\"2326\" class=\"elementor elementor-2326\">\n\t\t\t\t\t\t<section class=\"elementor-section elementor-top-section elementor-element elementor-element-5bf48226 elementor-section-boxed elementor-section-height-default elementor-section-height-default\" data-id=\"5bf48226\" data-element_type=\"section\" data-e-type=\"section\">\n\t\t\t\t\t\t<div class=\"elementor-container elementor-column-gap-default\">\n\t\t\t\t\t<div class=\"elementor-column elementor-col-100 elementor-top-column elementor-element elementor-element-13601508\" data-id=\"13601508\" data-element_type=\"column\" data-e-type=\"column\">\n\t\t\t<div class=\"elementor-widget-wrap elementor-element-populated\">\n\t\t\t\t\t\t<div class=\"elementor-element elementor-element-2d0ab5a elementor-widget elementor-widget-heading\" data-id=\"2d0ab5a\" data-element_type=\"widget\" data-e-type=\"widget\" data-widget_type=\"heading.default\">\n\t\t\t\t<div class=\"elementor-widget-container\">\n\t\t\t\t\t<h5 class=\"elementor-heading-title elementor-size-default\">Quelques-unes de nos r\u00e9alisations.\nCliquez sur les vignettes pour les d\u00e9tails<\/h5>\t\t\t\t<\/div>\n\t\t\t\t<\/div>\n\t\t\t\t<div class=\"elementor-element elementor-element-2d01a621 elementor-invisible elementor-widget elementor-widget-shortcode\" data-id=\"2d01a621\" data-element_type=\"widget\" data-e-type=\"widget\" data-settings=\"{&quot;_animation&quot;:&quot;fadeInUp&quot;}\" data-widget_type=\"shortcode.default\">\n\t\t\t\t<div class=\"elementor-widget-container\">\n\t\t\t\t\t\t\t<div class=\"elementor-shortcode\"><style>.-skin-default .-items .-item .title { color: #ffffff;}.-skin-default .-items .-item .title { background-color: #595959;}.-skin-default .-items .-item .-link.-readmore a { color: #009ca6;}.-skin-default .-items .-item .-link.-viewproject a { color: ;}.-skin-default .-filters .-filter, .-skin-default .-pages .-page-link { background-color: #ffffff;}.-skin-default .-filters .-filter, .-skin-default .-pages .-page-link { color: #009ca6;}.-skin-default .-filters .-filter, .-skin-default .-pages .-page-link { border: 1px solid #ffffff;}.-skin-default .-filters .-filter:hover, .-skin-default .-pages .-page-link:hover,.-skin-default .-filters .-filter.active, .-skin-default .-pages .-page-link.active { background-color: #009ca6;}.-skin-default .-filters .-filter:hover, .-skin-default .-pages .-page-link:hover,.-skin-default .-filters .-filter.active, .-skin-default .-pages .-page-link.active { color: #ffffff;}.-skin-default .-filters .-filter:hover, .-skin-default .-pages .-page-link:hover,.-skin-default .-filters .-filter.active, .-skin-default .-pages .-page-link.active { border: 1px solid #ffffff;}.-skin-default .-items .-item .genericon { color: #009ca6 !important;}.-skin-default .-items .-item .-mask { background-color: #cccccc !important;}<\/style>            <div class=\"nimble-portfolio  -skin-default\" id=\"np-69f70cc482c99\" data-lightbox=\"prettyphoto\">\n\n                \n                \n                                    <div class=\"-filters \">\n                        <a href=\"#\" data-rel=\"*\" class=\"-filter active\">All<\/a>                            <a  href=\"https:\/\/www.opusdesign.fr\/opus\/portfolio-filter\/design-espace\/\" data-rel=\"design-espace\" class=\"-filter\" id=\"filter-48\" >Design espace<\/a>\n                        <\/div>        \n                \n                \n                <div class=\"-items \">\n                        <div  class=\"design-espace magasin-franchises design -item -square -columns3\" id=\"item-1087\" >\n                <div class=\"itembox\">\n            <a  href=\"https:\/\/www.opusdesign.fr\/opus\/wp-content\/uploads\/2018\/11\/aquapole600.jpg\" title=\"Design global de stations de lavage automobiles.\r\nDu concept \u00e0 la r\u00e9ception du chantier, aux campagnes publicitaires, aux mises \u00e0 jour techniques,\u2026\" data-rel=\"nimblebox[nimble_portfolio_gal_pro]\" >\n                <img decoding=\"async\" src=\"https:\/\/www.opusdesign.fr\/opus\/wp-content\/uploads\/2018\/11\/aquapole500.jpg\" alt=\"Aquap\u00f4le\" \/>\n                <div class=\"-mask\"> <\/div>\n                                <div class=\"genericon genericon-show\"><\/div>\n            <\/a>    \n                    <\/div>\n                    <div class=\"title\">Aquap\u00f4le<\/div>    \n                    <\/div>\n        <div  class=\"design-espace magasin-franchises design-produit stand-exposition -item -square -columns3\" id=\"item-1089\" >\n                <div class=\"itembox\">\n            <a  href=\"https:\/\/www.opusdesign.fr\/opus\/wp-content\/uploads\/2018\/10\/IMG_0024-e1541435149484.jpg\" data-rel=\"nimblebox[nimble_portfolio_gal_pro]\" >\n                <img decoding=\"async\" src=\"https:\/\/www.opusdesign.fr\/opus\/wp-content\/uploads\/2018\/11\/domosupIMG_0041.jpg\" alt=\"Domofutura Expo\" \/>\n                <div class=\"-mask\"> <\/div>\n                                <div class=\"genericon genericon-show\"><\/div>\n            <\/a>    \n                    <\/div>\n                    <div class=\"title\">Domofutura Expo<\/div>    \n                    <\/div>\n        <div  class=\"boutique communication design-espace design design-produit education -item -square -columns3\" id=\"item-1094\" >\n                <div class=\"itembox\">\n            <a  href=\"https:\/\/www.opusdesign.fr\/opus\/wp-content\/uploads\/2018\/11\/chapiteauetang.png\" data-rel=\"nimblebox[nimble_portfolio_gal_pro]\" >\n                <img decoding=\"async\" src=\"https:\/\/www.opusdesign.fr\/opus\/wp-content\/uploads\/2018\/11\/standtourbieres500.png\" alt=\"Outils d&#039;animation CEN\" \/>\n                <div class=\"-mask\"> <\/div>\n                                <div class=\"genericon genericon-zoom\"><\/div>\n            <\/a>    \n                    <\/div>\n                    <div class=\"title\">Outils d'animation CEN<\/div>    \n                    <\/div>\n        <div  class=\"design-espace -item -square -columns3\" id=\"item-3456\" >\n                <div class=\"itembox\">\n            <a  href=\"https:\/\/www.opusdesign.fr\/opus\/wp-content\/uploads\/2020\/02\/P1040443.jpg\" data-rel=\"nimblebox[nimble_portfolio_gal_pro]\" >\n                <img decoding=\"async\" src=\"https:\/\/www.opusdesign.fr\/opus\/wp-content\/uploads\/2018\/11\/verte-et-noir-magasin03.jpg\" alt=\"Retail Store Design - Magasin Espace de vente\" \/>\n                <div class=\"-mask\"> <\/div>\n                                <div class=\"genericon genericon-show\"><\/div>\n            <\/a>    \n                    <\/div>\n                    <div class=\"title\">Retail Store Design - Magasin Espace de vente<\/div>    \n                    <\/div>\n        <div  class=\"communication design-espace mobilier stand-exposition -item -square -columns3\" id=\"item-2392\" >\n                <div class=\"itembox\">\n            <a  href=\"https:\/\/www.opusdesign.fr\/opus\/wp-content\/uploads\/2019\/06\/proceed_ufdi_04_20_25_37_205_007.jpg\" data-rel=\"nimblebox[nimble_portfolio_gal_pro]\" >\n                <img decoding=\"async\" src=\"https:\/\/www.opusdesign.fr\/opus\/wp-content\/uploads\/2019\/06\/cube.jpg\" alt=\"Salon Proceed - UFDI\" \/>\n                <div class=\"-mask\"> <\/div>\n                                <div class=\"genericon genericon-show\"><\/div>\n            <\/a>    \n                    <\/div>\n                    <div class=\"title\">Salon Proceed - UFDI<\/div>    \n                    <\/div>\n        <div  class=\"design-espace lumiere stand-exposition -item -square -columns3\" id=\"item-2130\" >\n                <div class=\"itembox\">\n            <a  href=\"https:\/\/www.opusdesign.fr\/opus\/wp-content\/uploads\/2019\/03\/illumination_Metz.jpg\" data-rel=\"nimblebox[nimble_portfolio_gal_pro]\" >\n                <img decoding=\"async\" src=\"https:\/\/www.opusdesign.fr\/opus\/wp-content\/uploads\/2019\/03\/couvaqua.jpg\" alt=\"Sc\u00e9nographie Urbaine - Mise en valeur du patrimoine architectural - Metz\" \/>\n                <div class=\"-mask\"> <\/div>\n                                <div class=\"genericon genericon-show\"><\/div>\n            <\/a>    \n                    <\/div>\n                    <div class=\"title\">Sc\u00e9nographie Urbaine - Mise en valeur du patrimoine architectural - Metz<\/div>    \n                    <\/div>\n        <div  class=\"communication design-espace magasin-franchises design mobilier -item -square -columns3\" id=\"item-1187\" >\n                <div class=\"itembox\">\n            <a  href=\"https:\/\/www.opusdesign.fr\/opus\/wp-content\/uploads\/2018\/11\/toogobarafruitDSC_9128.jpg\" data-rel=\"nimblebox[nimble_portfolio_gal_pro]\" >\n                <img decoding=\"async\" src=\"https:\/\/www.opusdesign.fr\/opus\/wp-content\/uploads\/2018\/11\/logotoogorond500.png\" alt=\"Toogoo [Design global]\" \/>\n                <div class=\"-mask\"> <\/div>\n                                <div class=\"genericon genericon-show\"><\/div>\n            <\/a>    \n                    <\/div>\n                    <div class=\"title\">Toogoo [Design global]<\/div>    \n                    <\/div>\n        <div  class=\"communication design-espace magasin-franchises design design-produit -item -square -columns3\" id=\"item-1104\" >\n                <div class=\"itembox\">\n            <a  href=\"https:\/\/www.opusdesign.fr\/opus\/wp-content\/uploads\/2018\/10\/IMG_0029-e1542113393764.jpg\" data-rel=\"nimblebox[nimble_portfolio_gal_pro]\" >\n                <img decoding=\"async\" src=\"https:\/\/www.opusdesign.fr\/opus\/wp-content\/uploads\/2018\/11\/logo-vert-et-noir.jpg\" alt=\"Vert et noir [Design global]\" \/>\n                <div class=\"-mask\"> <\/div>\n                                <div class=\"genericon genericon-show\"><\/div>\n            <\/a>    \n                    <\/div>\n                    <div class=\"title\">Vert et noir [Design global]<\/div>    \n                    <\/div>\n                    <\/div>\n\n                <div class=\"-pages\">\n    <\/div>\n\n            <\/div>        \n            <\/div>\n\t\t\t\t\t\t<\/div>\n\t\t\t\t<\/div>\n\t\t\t\t\t<\/div>\n\t\t<\/div>\n\t\t\t\t\t<\/div>\n\t\t<\/section>\n\t\t\t\t<section class=\"elementor-section elementor-top-section elementor-element elementor-element-7faa3f0 elementor-section-boxed elementor-section-height-default elementor-section-height-default\" data-id=\"7faa3f0\" data-element_type=\"section\" data-e-type=\"section\">\n\t\t\t\t\t\t<div class=\"elementor-container elementor-column-gap-default\">\n\t\t\t\t\t<div class=\"elementor-column elementor-col-100 elementor-top-column elementor-element elementor-element-f220fb6\" data-id=\"f220fb6\" data-element_type=\"column\" data-e-type=\"column\">\n\t\t\t<div class=\"elementor-widget-wrap elementor-element-populated\">\n\t\t\t\t\t\t<div class=\"elementor-element elementor-element-3f090e0 elementor-button-info elementor-align-center elementor-invisible elementor-widget elementor-widget-button\" data-id=\"3f090e0\" data-element_type=\"widget\" data-e-type=\"widget\" data-settings=\"{&quot;_animation&quot;:&quot;zoomIn&quot;}\" data-widget_type=\"button.default\">\n\t\t\t\t<div class=\"elementor-widget-container\">\n\t\t\t\t\t\t\t\t\t<div class=\"elementor-button-wrapper\">\n\t\t\t\t\t<a class=\"elementor-button elementor-button-link elementor-size-md\" href=\"https:\/\/www.opusdesign.fr\/opus\/contact\/\" id=\"Contact\">\n\t\t\t\t\t\t<span class=\"elementor-button-content-wrapper\">\n\t\t\t\t\t\t\t\t\t<span class=\"elementor-button-text\">Des questions ? Contactez-nous !<\/span>\n\t\t\t\t\t<\/span>\n\t\t\t\t\t<\/a>\n\t\t\t\t<\/div>\n\t\t\t\t\t\t\t\t<\/div>\n\t\t\t\t<\/div>\n\t\t\t\t\t<\/div>\n\t\t<\/div>\n\t\t\t\t\t<\/div>\n\t\t<\/section>\n\t\t\t\t<\/div>\n\t\t","protected":false},"excerpt":{"rendered":"<p>Quelques-unes de nos r\u00e9alisations. Cliquez sur les vignettes pour les d\u00e9tails Des questions ? Contactez-nous !<\/p>\n","protected":false},"author":1,"featured_media":0,"parent":0,"menu_order":0,"comment_status":"closed","ping_status":"closed","template":"","meta":{"footnotes":""},"class_list":["post-2326","page","type-page","status-publish","hentry"],"yoast_head":"<!-- This site is optimized with the Yoast SEO plugin v26.9 - https:\/\/yoast.com\/product\/yoast-seo-wordpress\/ -->\n<title>Design espaces - OPUS Design produit communication<\/title>\n<meta name=\"description\" content=\"agence design global metz OPUS Design produit communication\" \/>\n<meta name=\"robots\" content=\"index, follow, max-snippet:-1, max-image-preview:large, max-video-preview:-1\" \/>\n<link rel=\"canonical\" href=\"https:\/\/www.opusdesign.fr\/opus\/design-espaces\/\" \/>\n<meta property=\"og:locale\" content=\"fr_FR\" \/>\n<meta property=\"og:type\" content=\"article\" \/>\n<meta property=\"og:title\" content=\"Design espaces - OPUS Design produit communication\" \/>\n<meta property=\"og:description\" content=\"agence design global metz OPUS Design produit communication\" \/>\n<meta property=\"og:url\" content=\"https:\/\/www.opusdesign.fr\/opus\/design-espaces\/\" \/>\n<meta property=\"og:site_name\" content=\"OPUS Design produit communication\" \/>\n<meta property=\"article:publisher\" content=\"https:\/\/www.facebook.com\/Opusdesignface\/\" \/>\n<meta property=\"article:modified_time\" content=\"2020-03-09T11:42:50+00:00\" \/>\n<meta name=\"twitter:card\" content=\"summary_large_image\" \/>\n<meta name=\"twitter:site\" content=\"@MikaLkitwiiit\" \/>\n<script type=\"application\/ld+json\" class=\"yoast-schema-graph\">{\"@context\":\"https:\/\/schema.org\",\"@graph\":[{\"@type\":\"WebPage\",\"@id\":\"https:\/\/www.opusdesign.fr\/opus\/design-espaces\/\",\"url\":\"https:\/\/www.opusdesign.fr\/opus\/design-espaces\/\",\"name\":\"Design espaces - OPUS Design produit communication\",\"isPartOf\":{\"@id\":\"https:\/\/www.opusdesign.fr\/opus\/#website\"},\"datePublished\":\"2019-05-28T08:44:30+00:00\",\"dateModified\":\"2020-03-09T11:42:50+00:00\",\"description\":\"agence design global metz OPUS Design produit communication\",\"breadcrumb\":{\"@id\":\"https:\/\/www.opusdesign.fr\/opus\/design-espaces\/#breadcrumb\"},\"inLanguage\":\"fr-FR\",\"potentialAction\":[{\"@type\":\"ReadAction\",\"target\":[\"https:\/\/www.opusdesign.fr\/opus\/design-espaces\/\"]}]},{\"@type\":\"BreadcrumbList\",\"@id\":\"https:\/\/www.opusdesign.fr\/opus\/design-espaces\/#breadcrumb\",\"itemListElement\":[{\"@type\":\"ListItem\",\"position\":1,\"name\":\"Accueil\",\"item\":\"https:\/\/www.opusdesign.fr\/opus\/\"},{\"@type\":\"ListItem\",\"position\":2,\"name\":\"Design espaces\"}]},{\"@type\":\"WebSite\",\"@id\":\"https:\/\/www.opusdesign.fr\/opus\/#website\",\"url\":\"https:\/\/www.opusdesign.fr\/opus\/\",\"name\":\"OPUS Design produit communication\",\"description\":\"Agence de Design Global - Createur d&#039;images - Metz Lorraine - design engineer\",\"publisher\":{\"@id\":\"https:\/\/www.opusdesign.fr\/opus\/#organization\"},\"alternateName\":\"OPUS DESIGN METZ\",\"potentialAction\":[{\"@type\":\"SearchAction\",\"target\":{\"@type\":\"EntryPoint\",\"urlTemplate\":\"https:\/\/www.opusdesign.fr\/opus\/?s={search_term_string}\"},\"query-input\":{\"@type\":\"PropertyValueSpecification\",\"valueRequired\":true,\"valueName\":\"search_term_string\"}}],\"inLanguage\":\"fr-FR\"},{\"@type\":\"Organization\",\"@id\":\"https:\/\/www.opusdesign.fr\/opus\/#organization\",\"name\":\"opus design\",\"alternateName\":\"OPUS DESIGN Lorraine\",\"url\":\"https:\/\/www.opusdesign.fr\/opus\/\",\"logo\":{\"@type\":\"ImageObject\",\"inLanguage\":\"fr-FR\",\"@id\":\"https:\/\/www.opusdesign.fr\/opus\/#\/schema\/logo\/image\/\",\"url\":\"https:\/\/www.opusdesign.fr\/opus\/wp-content\/uploads\/2023\/02\/opus23.png\",\"contentUrl\":\"https:\/\/www.opusdesign.fr\/opus\/wp-content\/uploads\/2023\/02\/opus23.png\",\"width\":102,\"height\":104,\"caption\":\"opus design\"},\"image\":{\"@id\":\"https:\/\/www.opusdesign.fr\/opus\/#\/schema\/logo\/image\/\"},\"sameAs\":[\"https:\/\/www.facebook.com\/Opusdesignface\/\",\"https:\/\/x.com\/MikaLkitwiiit\"]}]}<\/script>\n<!-- \/ Yoast SEO plugin. -->","yoast_head_json":{"title":"Design espaces - OPUS Design produit communication","description":"agence design global metz OPUS Design produit communication","robots":{"index":"index","follow":"follow","max-snippet":"max-snippet:-1","max-image-preview":"max-image-preview:large","max-video-preview":"max-video-preview:-1"},"canonical":"https:\/\/www.opusdesign.fr\/opus\/design-espaces\/","og_locale":"fr_FR","og_type":"article","og_title":"Design espaces - OPUS Design produit communication","og_description":"agence design global metz OPUS Design produit communication","og_url":"https:\/\/www.opusdesign.fr\/opus\/design-espaces\/","og_site_name":"OPUS Design produit communication","article_publisher":"https:\/\/www.facebook.com\/Opusdesignface\/","article_modified_time":"2020-03-09T11:42:50+00:00","twitter_card":"summary_large_image","twitter_site":"@MikaLkitwiiit","schema":{"@context":"https:\/\/schema.org","@graph":[{"@type":"WebPage","@id":"https:\/\/www.opusdesign.fr\/opus\/design-espaces\/","url":"https:\/\/www.opusdesign.fr\/opus\/design-espaces\/","name":"Design espaces - OPUS Design produit communication","isPartOf":{"@id":"https:\/\/www.opusdesign.fr\/opus\/#website"},"datePublished":"2019-05-28T08:44:30+00:00","dateModified":"2020-03-09T11:42:50+00:00","description":"agence design global metz OPUS Design produit communication","breadcrumb":{"@id":"https:\/\/www.opusdesign.fr\/opus\/design-espaces\/#breadcrumb"},"inLanguage":"fr-FR","potentialAction":[{"@type":"ReadAction","target":["https:\/\/www.opusdesign.fr\/opus\/design-espaces\/"]}]},{"@type":"BreadcrumbList","@id":"https:\/\/www.opusdesign.fr\/opus\/design-espaces\/#breadcrumb","itemListElement":[{"@type":"ListItem","position":1,"name":"Accueil","item":"https:\/\/www.opusdesign.fr\/opus\/"},{"@type":"ListItem","position":2,"name":"Design espaces"}]},{"@type":"WebSite","@id":"https:\/\/www.opusdesign.fr\/opus\/#website","url":"https:\/\/www.opusdesign.fr\/opus\/","name":"OPUS Design produit communication","description":"Agence de Design Global - Createur d&#039;images - Metz Lorraine - design engineer","publisher":{"@id":"https:\/\/www.opusdesign.fr\/opus\/#organization"},"alternateName":"OPUS DESIGN METZ","potentialAction":[{"@type":"SearchAction","target":{"@type":"EntryPoint","urlTemplate":"https:\/\/www.opusdesign.fr\/opus\/?s={search_term_string}"},"query-input":{"@type":"PropertyValueSpecification","valueRequired":true,"valueName":"search_term_string"}}],"inLanguage":"fr-FR"},{"@type":"Organization","@id":"https:\/\/www.opusdesign.fr\/opus\/#organization","name":"opus design","alternateName":"OPUS DESIGN Lorraine","url":"https:\/\/www.opusdesign.fr\/opus\/","logo":{"@type":"ImageObject","inLanguage":"fr-FR","@id":"https:\/\/www.opusdesign.fr\/opus\/#\/schema\/logo\/image\/","url":"https:\/\/www.opusdesign.fr\/opus\/wp-content\/uploads\/2023\/02\/opus23.png","contentUrl":"https:\/\/www.opusdesign.fr\/opus\/wp-content\/uploads\/2023\/02\/opus23.png","width":102,"height":104,"caption":"opus design"},"image":{"@id":"https:\/\/www.opusdesign.fr\/opus\/#\/schema\/logo\/image\/"},"sameAs":["https:\/\/www.facebook.com\/Opusdesignface\/","https:\/\/x.com\/MikaLkitwiiit"]}]}},"_links":{"self":[{"href":"https:\/\/www.opusdesign.fr\/opus\/wp-json\/wp\/v2\/pages\/2326","targetHints":{"allow":["GET"]}}],"collection":[{"href":"https:\/\/www.opusdesign.fr\/opus\/wp-json\/wp\/v2\/pages"}],"about":[{"href":"https:\/\/www.opusdesign.fr\/opus\/wp-json\/wp\/v2\/types\/page"}],"author":[{"embeddable":true,"href":"https:\/\/www.opusdesign.fr\/opus\/wp-json\/wp\/v2\/users\/1"}],"replies":[{"embeddable":true,"href":"https:\/\/www.opusdesign.fr\/opus\/wp-json\/wp\/v2\/comments?post=2326"}],"version-history":[{"count":0,"href":"https:\/\/www.opusdesign.fr\/opus\/wp-json\/wp\/v2\/pages\/2326\/revisions"}],"wp:attachment":[{"href":"https:\/\/www.opusdesign.fr\/opus\/wp-json\/wp\/v2\/media?parent=2326"}],"curies":[{"name":"wp","href":"https:\/\/api.w.org\/{rel}","templated":true}]}}