{"id":2318,"date":"2019-05-28T10:40:54","date_gmt":"2019-05-28T08:40:54","guid":{"rendered":"https:\/\/www.opusdesign.fr\/opus\/?page_id=2318"},"modified":"2021-10-15T15:01:24","modified_gmt":"2021-10-15T13:01:24","slug":"design-global","status":"publish","type":"page","link":"https:\/\/www.opusdesign.fr\/opus\/design-global\/","title":{"rendered":"Design global"},"content":{"rendered":"\t\t<div data-elementor-type=\"wp-post\" data-elementor-id=\"2318\" class=\"elementor elementor-2318\">\n\t\t\t\t\t\t<section class=\"elementor-section elementor-top-section elementor-element elementor-element-45bb010b elementor-section-boxed elementor-section-height-default elementor-section-height-default\" data-id=\"45bb010b\" data-element_type=\"section\" data-e-type=\"section\">\n\t\t\t\t\t\t<div class=\"elementor-container elementor-column-gap-default\">\n\t\t\t\t\t<div class=\"elementor-column elementor-col-100 elementor-top-column elementor-element elementor-element-3c0cadcd\" data-id=\"3c0cadcd\" data-element_type=\"column\" data-e-type=\"column\">\n\t\t\t<div class=\"elementor-widget-wrap elementor-element-populated\">\n\t\t\t\t\t\t<div class=\"elementor-element elementor-element-8789d4b animated-fast elementor-invisible elementor-widget elementor-widget-text-editor\" data-id=\"8789d4b\" data-element_type=\"widget\" data-e-type=\"widget\" data-settings=\"{&quot;_animation&quot;:&quot;slideInLeft&quot;}\" data-widget_type=\"text-editor.default\">\n\t\t\t\t<div class=\"elementor-widget-container\">\n\t\t\t\t\t\t\t\t\t<p>Le <strong>design global<\/strong> est une d\u00e9marche de conception transversale qui permet d&rsquo;optimiser et de rationaliser tous les aspects de l&rsquo;identit\u00e9 d&rsquo;une entreprise et de ses produits.<\/p><p>Prenons comme exemple les centres de lavage automobile\u00a0<a href=\"https:\/\/www.opusdesign.fr\/opus\/portfolio\/aquapole\/\" target=\"_blank\" rel=\"noopener\">Aquap\u00f4le<\/a>.<\/p><p>Nous avons cr\u00e9\u00e9 leur marque commerciale et logotype, les stations elles-m\u00eames, les automates de lavages, la signal\u00e9tique, les campagnes de lancement, &#8230;. Jusqu\u2019aux jetons des monnayeurs et les programmes de fid\u00e9lit\u00e9.<\/p><p>Cette conception globale permet \u00e0 nos clients (depuis 30 ans) d&rsquo;optimiser leur d\u00e9veloppement et leur retour sur investissement.<\/p>\t\t\t\t\t\t\t\t<\/div>\n\t\t\t\t<\/div>\n\t\t\t\t<section class=\"elementor-section elementor-inner-section elementor-element elementor-element-3c4f26d elementor-section-boxed elementor-section-height-default elementor-section-height-default\" data-id=\"3c4f26d\" data-element_type=\"section\" data-e-type=\"section\">\n\t\t\t\t\t\t<div class=\"elementor-container elementor-column-gap-default\">\n\t\t\t\t\t<div class=\"elementor-column elementor-col-100 elementor-inner-column elementor-element elementor-element-18c6137\" data-id=\"18c6137\" data-element_type=\"column\" data-e-type=\"column\">\n\t\t\t<div class=\"elementor-widget-wrap elementor-element-populated\">\n\t\t\t\t\t\t<div class=\"elementor-element elementor-element-73ae734 elementor-button-success elementor-align-center animated-fast elementor-invisible elementor-widget elementor-widget-button\" data-id=\"73ae734\" data-element_type=\"widget\" data-e-type=\"widget\" data-settings=\"{&quot;_animation&quot;:&quot;slideInLeft&quot;}\" data-widget_type=\"button.default\">\n\t\t\t\t<div class=\"elementor-widget-container\">\n\t\t\t\t\t\t\t\t\t<div class=\"elementor-button-wrapper\">\n\t\t\t\t\t<a class=\"elementor-button elementor-button-link elementor-size-lg\" href=\"https:\/\/www.opusdesign.fr\/opus\/contact\/\" id=\"contact\">\n\t\t\t\t\t\t<span class=\"elementor-button-content-wrapper\">\n\t\t\t\t\t\t\t\t\t<span class=\"elementor-button-text\">Plus d'infos ?<\/span>\n\t\t\t\t\t<\/span>\n\t\t\t\t\t<\/a>\n\t\t\t\t<\/div>\n\t\t\t\t\t\t\t\t<\/div>\n\t\t\t\t<\/div>\n\t\t\t\t\t<\/div>\n\t\t<\/div>\n\t\t\t\t\t<\/div>\n\t\t<\/section>\n\t\t\t\t<div class=\"elementor-element elementor-element-4c3ccd1 elementor-widget elementor-widget-spacer\" data-id=\"4c3ccd1\" data-element_type=\"widget\" data-e-type=\"widget\" data-widget_type=\"spacer.default\">\n\t\t\t\t<div class=\"elementor-widget-container\">\n\t\t\t\t\t\t\t<div class=\"elementor-spacer\">\n\t\t\t<div class=\"elementor-spacer-inner\"><\/div>\n\t\t<\/div>\n\t\t\t\t\t\t<\/div>\n\t\t\t\t<\/div>\n\t\t\t\t<div class=\"elementor-element elementor-element-5b54abe animated-fast elementor-invisible elementor-widget elementor-widget-heading\" data-id=\"5b54abe\" data-element_type=\"widget\" data-e-type=\"widget\" data-settings=\"{&quot;_animation&quot;:&quot;slideInLeft&quot;}\" data-widget_type=\"heading.default\">\n\t\t\t\t<div class=\"elementor-widget-container\">\n\t\t\t\t\t<h5 class=\"elementor-heading-title elementor-size-default\">Quelques-unes de nos r\u00e9alisations.\nCliquez sur les vignettes pour les d\u00e9tails<\/h5>\t\t\t\t<\/div>\n\t\t\t\t<\/div>\n\t\t\t\t<div class=\"elementor-element elementor-element-da30ce5 animated-fast elementor-invisible elementor-widget elementor-widget-shortcode\" data-id=\"da30ce5\" data-element_type=\"widget\" data-e-type=\"widget\" data-settings=\"{&quot;_animation&quot;:&quot;fadeInUp&quot;}\" data-widget_type=\"shortcode.default\">\n\t\t\t\t<div class=\"elementor-widget-container\">\n\t\t\t\t\t\t\t<div class=\"elementor-shortcode\"><style>.-skin-default .-items .-item .title { color: #ffffff;}.-skin-default .-items .-item .title { background-color: #595959;}.-skin-default .-items .-item .-link.-readmore a { color: #009ca6;}.-skin-default .-items .-item .-link.-viewproject a { color: ;}.-skin-default .-filters .-filter, .-skin-default .-pages .-page-link { background-color: #ffffff;}.-skin-default .-filters .-filter, .-skin-default .-pages .-page-link { color: #009ca6;}.-skin-default .-filters .-filter, .-skin-default .-pages .-page-link { border: 1px solid #ffffff;}.-skin-default .-filters .-filter:hover, .-skin-default .-pages .-page-link:hover,.-skin-default .-filters .-filter.active, .-skin-default .-pages .-page-link.active { background-color: #009ca6;}.-skin-default .-filters .-filter:hover, .-skin-default .-pages .-page-link:hover,.-skin-default .-filters .-filter.active, .-skin-default .-pages .-page-link.active { color: #ffffff;}.-skin-default .-filters .-filter:hover, .-skin-default .-pages .-page-link:hover,.-skin-default .-filters .-filter.active, .-skin-default .-pages .-page-link.active { border: 1px solid #ffffff;}.-skin-default .-items .-item .genericon { color: #009ca6 !important;}.-skin-default .-items .-item .-mask { background-color: #cccccc !important;}<\/style>            <div class=\"nimble-portfolio  -skin-default\" id=\"np-6a0464b8823e9\" data-lightbox=\"prettyphoto\">\n\n                \n                \n                                    <div class=\"-filters \">\n                        <a href=\"#\" data-rel=\"*\" class=\"-filter active\">All<\/a>                            <a  href=\"https:\/\/www.opusdesign.fr\/opus\/portfolio-filter\/design\/\" data-rel=\"design\" class=\"-filter\" id=\"filter-45\" >DESIGN GLOBAL<\/a>\n                        <\/div>        \n                \n                \n                <div class=\"-items \">\n                        <div  class=\"design-espace magasin-franchises design -item -square -columns3\" id=\"item-1087\" >\n                <div class=\"itembox\">\n            <a  href=\"https:\/\/www.opusdesign.fr\/opus\/wp-content\/uploads\/2018\/11\/aquapole600.jpg\" title=\"Design global de stations de lavage automobiles.\r\nDu concept \u00e0 la r\u00e9ception du chantier, aux campagnes publicitaires, aux mises \u00e0 jour techniques,\u2026\" data-rel=\"nimblebox[nimble_portfolio_gal_pro]\" >\n                <img decoding=\"async\" src=\"https:\/\/www.opusdesign.fr\/opus\/wp-content\/uploads\/2018\/11\/aquapole500.jpg\" alt=\"Aquap\u00f4le\" \/>\n                <div class=\"-mask\"> <\/div>\n                                <div class=\"genericon genericon-show\"><\/div>\n            <\/a>    \n                    <\/div>\n                    <div class=\"title\">Aquap\u00f4le<\/div>    \n                    <\/div>\n        <div  class=\"design design-produit education mobilier -item -square -columns3\" id=\"item-3175\" >\n                <div class=\"itembox\">\n            <a  href=\"https:\/\/www.opusdesign.fr\/opus\/wp-content\/uploads\/2021\/02\/mobilier_tanet02.jpg\" data-rel=\"nimblebox[nimble_portfolio_gal_pro]\" >\n                <img decoding=\"async\" src=\"https:\/\/www.opusdesign.fr\/opus\/wp-content\/uploads\/2021\/02\/tanetgazondufaingI.jpg\" alt=\"Mobilier P\u00e9dagogique RN Tanet Gazon du Faing\" \/>\n                <div class=\"-mask\"> <\/div>\n                                <div class=\"genericon genericon-show\"><\/div>\n            <\/a>    \n                    <\/div>\n                    <div class=\"title\">Mobilier P\u00e9dagogique RN Tanet Gazon du Faing<\/div>    \n                    <\/div>\n        <div  class=\"boutique communication design-espace design design-produit education -item -square -columns3\" id=\"item-1094\" >\n                <div class=\"itembox\">\n            <a  href=\"https:\/\/www.opusdesign.fr\/opus\/wp-content\/uploads\/2018\/11\/chapiteauetang.png\" data-rel=\"nimblebox[nimble_portfolio_gal_pro]\" >\n                <img decoding=\"async\" src=\"https:\/\/www.opusdesign.fr\/opus\/wp-content\/uploads\/2018\/11\/standtourbieres500.png\" alt=\"Outils d&#039;animation CEN\" \/>\n                <div class=\"-mask\"> <\/div>\n                                <div class=\"genericon genericon-zoom\"><\/div>\n            <\/a>    \n                    <\/div>\n                    <div class=\"title\">Outils d'animation CEN<\/div>    \n                    <\/div>\n        <div  class=\"communication design design-produit mobilier -item -square -columns3\" id=\"item-1105\" >\n                <div class=\"itembox\">\n            <a  href=\"https:\/\/www.opusdesign.fr\/opus\/wp-content\/uploads\/2018\/10\/DSC_0630-e1542110012411.jpg\" data-rel=\"nimblebox[nimble_portfolio_gal_pro]\" >\n                <img decoding=\"async\" src=\"https:\/\/www.opusdesign.fr\/opus\/wp-content\/uploads\/2018\/11\/vn_chocolat-1.jpg\" alt=\"Packaging Vert et Noir\" \/>\n                <div class=\"-mask\"> <\/div>\n                                <div class=\"genericon genericon-show\"><\/div>\n            <\/a>    \n                    <\/div>\n                    <div class=\"title\">Packaging Vert et Noir<\/div>    \n                    <\/div>\n        <div  class=\"design education mobilier -item -square -columns3\" id=\"item-1129\" >\n                <div class=\"itembox\">\n            <a  href=\"https:\/\/www.opusdesign.fr\/opus\/wp-content\/uploads\/2018\/10\/gammeRNNmontenach.jpg\" data-rel=\"nimblebox[nimble_portfolio_gal_pro]\" >\n                <img decoding=\"async\" src=\"https:\/\/www.opusdesign.fr\/opus\/wp-content\/uploads\/2018\/11\/gammeRNNmontenach500.jpg\" alt=\"R\u00e9serve Naturelle de Montenach\" \/>\n                <div class=\"-mask\"> <\/div>\n                                <div class=\"genericon genericon-show\"><\/div>\n            <\/a>    \n                    <\/div>\n                    <div class=\"title\">R\u00e9serve Naturelle de Montenach<\/div>    \n                    <\/div>\n        <div  class=\"communication design mobilier -item -square -columns3\" id=\"item-1111\" >\n                <div class=\"itembox\">\n            <a  href=\"https:\/\/www.opusdesign.fr\/opus\/wp-content\/uploads\/2018\/10\/IMG_0082-e1542045124734.jpg\" data-rel=\"nimblebox[nimble_portfolio_gal_pro]\" >\n                <img decoding=\"async\" src=\"https:\/\/www.opusdesign.fr\/opus\/wp-content\/uploads\/2018\/10\/IMG_0082-e1542045124734.jpg\" alt=\"Tables cartes @ Vert et Noir\" \/>\n                <div class=\"-mask\"> <\/div>\n                                <div class=\"genericon genericon-show\"><\/div>\n            <\/a>    \n                    <\/div>\n                    <div class=\"title\">Tables cartes @ Vert et Noir<\/div>    \n                    <\/div>\n        <div  class=\"communication design-espace magasin-franchises design mobilier -item -square -columns3\" id=\"item-1187\" >\n                <div class=\"itembox\">\n            <a  href=\"https:\/\/www.opusdesign.fr\/opus\/wp-content\/uploads\/2018\/11\/toogobarafruitDSC_9128.jpg\" data-rel=\"nimblebox[nimble_portfolio_gal_pro]\" >\n                <img decoding=\"async\" src=\"https:\/\/www.opusdesign.fr\/opus\/wp-content\/uploads\/2018\/11\/logotoogorond500.png\" alt=\"Toogoo [Design global]\" \/>\n                <div class=\"-mask\"> <\/div>\n                                <div class=\"genericon genericon-show\"><\/div>\n            <\/a>    \n                    <\/div>\n                    <div class=\"title\">Toogoo [Design global]<\/div>    \n                    <\/div>\n        <div  class=\"communication design-espace magasin-franchises design design-produit -item -square -columns3\" id=\"item-1104\" >\n                <div class=\"itembox\">\n            <a  href=\"https:\/\/www.opusdesign.fr\/opus\/wp-content\/uploads\/2018\/10\/IMG_0029-e1542113393764.jpg\" data-rel=\"nimblebox[nimble_portfolio_gal_pro]\" >\n                <img decoding=\"async\" src=\"https:\/\/www.opusdesign.fr\/opus\/wp-content\/uploads\/2018\/11\/logo-vert-et-noir.jpg\" alt=\"Vert et noir [Design global]\" \/>\n                <div class=\"-mask\"> <\/div>\n                                <div class=\"genericon genericon-show\"><\/div>\n            <\/a>    \n                    <\/div>\n                    <div class=\"title\">Vert et noir [Design global]<\/div>    \n                    <\/div>\n                    <\/div>\n\n                <div class=\"-pages\">\n    <\/div>\n\n            <\/div>        \n            <\/div>\n\t\t\t\t\t\t<\/div>\n\t\t\t\t<\/div>\n\t\t\t\t\t<\/div>\n\t\t<\/div>\n\t\t\t\t\t<\/div>\n\t\t<\/section>\n\t\t\t\t<\/div>\n\t\t","protected":false},"excerpt":{"rendered":"<p>Le design global est une d\u00e9marche de conception transversale qui permet d&rsquo;optimiser et de rationaliser tous les aspects de l&rsquo;identit\u00e9 d&rsquo;une entreprise et de ses produits. Prenons comme exemple les centres de lavage automobile\u00a0Aquap\u00f4le. Nous avons cr\u00e9\u00e9 leur marque commerciale et logotype, les stations elles-m\u00eames, les automates de lavages, la signal\u00e9tique, les campagnes de lancement, [&hellip;]<\/p>\n","protected":false},"author":1,"featured_media":0,"parent":0,"menu_order":0,"comment_status":"closed","ping_status":"closed","template":"","meta":{"footnotes":""},"class_list":["post-2318","page","type-page","status-publish","hentry"],"yoast_head":"<!-- This site is optimized with the Yoast SEO plugin v26.9 - https:\/\/yoast.com\/product\/yoast-seo-wordpress\/ -->\n<title>Design global - OPUS Design produit communication<\/title>\n<meta name=\"description\" content=\"agence design global metz OPUS Design produit communication\" \/>\n<meta name=\"robots\" content=\"index, follow, max-snippet:-1, max-image-preview:large, max-video-preview:-1\" \/>\n<link rel=\"canonical\" href=\"https:\/\/www.opusdesign.fr\/opus\/design-global\/\" \/>\n<meta property=\"og:locale\" content=\"fr_FR\" \/>\n<meta property=\"og:type\" content=\"article\" \/>\n<meta property=\"og:title\" content=\"Design global - OPUS Design produit communication\" \/>\n<meta property=\"og:description\" content=\"agence design global metz OPUS Design produit communication\" \/>\n<meta property=\"og:url\" content=\"https:\/\/www.opusdesign.fr\/opus\/design-global\/\" \/>\n<meta property=\"og:site_name\" content=\"OPUS Design produit communication\" \/>\n<meta property=\"article:publisher\" content=\"https:\/\/www.facebook.com\/Opusdesignface\/\" \/>\n<meta property=\"article:modified_time\" content=\"2021-10-15T13:01:24+00:00\" \/>\n<meta name=\"twitter:card\" content=\"summary_large_image\" \/>\n<meta name=\"twitter:site\" content=\"@MikaLkitwiiit\" \/>\n<meta name=\"twitter:label1\" content=\"Dur\u00e9e de lecture estim\u00e9e\" \/>\n\t<meta name=\"twitter:data1\" content=\"3 minutes\" \/>\n<script type=\"application\/ld+json\" class=\"yoast-schema-graph\">{\"@context\":\"https:\/\/schema.org\",\"@graph\":[{\"@type\":\"WebPage\",\"@id\":\"https:\/\/www.opusdesign.fr\/opus\/design-global\/\",\"url\":\"https:\/\/www.opusdesign.fr\/opus\/design-global\/\",\"name\":\"Design global - OPUS Design produit communication\",\"isPartOf\":{\"@id\":\"https:\/\/www.opusdesign.fr\/opus\/#website\"},\"datePublished\":\"2019-05-28T08:40:54+00:00\",\"dateModified\":\"2021-10-15T13:01:24+00:00\",\"description\":\"agence design global metz OPUS Design produit communication\",\"breadcrumb\":{\"@id\":\"https:\/\/www.opusdesign.fr\/opus\/design-global\/#breadcrumb\"},\"inLanguage\":\"fr-FR\",\"potentialAction\":[{\"@type\":\"ReadAction\",\"target\":[\"https:\/\/www.opusdesign.fr\/opus\/design-global\/\"]}]},{\"@type\":\"BreadcrumbList\",\"@id\":\"https:\/\/www.opusdesign.fr\/opus\/design-global\/#breadcrumb\",\"itemListElement\":[{\"@type\":\"ListItem\",\"position\":1,\"name\":\"Accueil\",\"item\":\"https:\/\/www.opusdesign.fr\/opus\/\"},{\"@type\":\"ListItem\",\"position\":2,\"name\":\"Design global\"}]},{\"@type\":\"WebSite\",\"@id\":\"https:\/\/www.opusdesign.fr\/opus\/#website\",\"url\":\"https:\/\/www.opusdesign.fr\/opus\/\",\"name\":\"OPUS Design produit communication\",\"description\":\"Agence de Design Global - Createur d&#039;images - Metz Lorraine - design engineer\",\"publisher\":{\"@id\":\"https:\/\/www.opusdesign.fr\/opus\/#organization\"},\"alternateName\":\"OPUS DESIGN METZ\",\"potentialAction\":[{\"@type\":\"SearchAction\",\"target\":{\"@type\":\"EntryPoint\",\"urlTemplate\":\"https:\/\/www.opusdesign.fr\/opus\/?s={search_term_string}\"},\"query-input\":{\"@type\":\"PropertyValueSpecification\",\"valueRequired\":true,\"valueName\":\"search_term_string\"}}],\"inLanguage\":\"fr-FR\"},{\"@type\":\"Organization\",\"@id\":\"https:\/\/www.opusdesign.fr\/opus\/#organization\",\"name\":\"opus design\",\"alternateName\":\"OPUS DESIGN Lorraine\",\"url\":\"https:\/\/www.opusdesign.fr\/opus\/\",\"logo\":{\"@type\":\"ImageObject\",\"inLanguage\":\"fr-FR\",\"@id\":\"https:\/\/www.opusdesign.fr\/opus\/#\/schema\/logo\/image\/\",\"url\":\"https:\/\/www.opusdesign.fr\/opus\/wp-content\/uploads\/2023\/02\/opus23.png\",\"contentUrl\":\"https:\/\/www.opusdesign.fr\/opus\/wp-content\/uploads\/2023\/02\/opus23.png\",\"width\":102,\"height\":104,\"caption\":\"opus design\"},\"image\":{\"@id\":\"https:\/\/www.opusdesign.fr\/opus\/#\/schema\/logo\/image\/\"},\"sameAs\":[\"https:\/\/www.facebook.com\/Opusdesignface\/\",\"https:\/\/x.com\/MikaLkitwiiit\"]}]}<\/script>\n<!-- \/ Yoast SEO plugin. -->","yoast_head_json":{"title":"Design global - OPUS Design produit communication","description":"agence design global metz OPUS Design produit communication","robots":{"index":"index","follow":"follow","max-snippet":"max-snippet:-1","max-image-preview":"max-image-preview:large","max-video-preview":"max-video-preview:-1"},"canonical":"https:\/\/www.opusdesign.fr\/opus\/design-global\/","og_locale":"fr_FR","og_type":"article","og_title":"Design global - OPUS Design produit communication","og_description":"agence design global metz OPUS Design produit communication","og_url":"https:\/\/www.opusdesign.fr\/opus\/design-global\/","og_site_name":"OPUS Design produit communication","article_publisher":"https:\/\/www.facebook.com\/Opusdesignface\/","article_modified_time":"2021-10-15T13:01:24+00:00","twitter_card":"summary_large_image","twitter_site":"@MikaLkitwiiit","twitter_misc":{"Dur\u00e9e de lecture estim\u00e9e":"3 minutes"},"schema":{"@context":"https:\/\/schema.org","@graph":[{"@type":"WebPage","@id":"https:\/\/www.opusdesign.fr\/opus\/design-global\/","url":"https:\/\/www.opusdesign.fr\/opus\/design-global\/","name":"Design global - OPUS Design produit communication","isPartOf":{"@id":"https:\/\/www.opusdesign.fr\/opus\/#website"},"datePublished":"2019-05-28T08:40:54+00:00","dateModified":"2021-10-15T13:01:24+00:00","description":"agence design global metz OPUS Design produit communication","breadcrumb":{"@id":"https:\/\/www.opusdesign.fr\/opus\/design-global\/#breadcrumb"},"inLanguage":"fr-FR","potentialAction":[{"@type":"ReadAction","target":["https:\/\/www.opusdesign.fr\/opus\/design-global\/"]}]},{"@type":"BreadcrumbList","@id":"https:\/\/www.opusdesign.fr\/opus\/design-global\/#breadcrumb","itemListElement":[{"@type":"ListItem","position":1,"name":"Accueil","item":"https:\/\/www.opusdesign.fr\/opus\/"},{"@type":"ListItem","position":2,"name":"Design global"}]},{"@type":"WebSite","@id":"https:\/\/www.opusdesign.fr\/opus\/#website","url":"https:\/\/www.opusdesign.fr\/opus\/","name":"OPUS Design produit communication","description":"Agence de Design Global - Createur d&#039;images - Metz Lorraine - design engineer","publisher":{"@id":"https:\/\/www.opusdesign.fr\/opus\/#organization"},"alternateName":"OPUS DESIGN METZ","potentialAction":[{"@type":"SearchAction","target":{"@type":"EntryPoint","urlTemplate":"https:\/\/www.opusdesign.fr\/opus\/?s={search_term_string}"},"query-input":{"@type":"PropertyValueSpecification","valueRequired":true,"valueName":"search_term_string"}}],"inLanguage":"fr-FR"},{"@type":"Organization","@id":"https:\/\/www.opusdesign.fr\/opus\/#organization","name":"opus design","alternateName":"OPUS DESIGN Lorraine","url":"https:\/\/www.opusdesign.fr\/opus\/","logo":{"@type":"ImageObject","inLanguage":"fr-FR","@id":"https:\/\/www.opusdesign.fr\/opus\/#\/schema\/logo\/image\/","url":"https:\/\/www.opusdesign.fr\/opus\/wp-content\/uploads\/2023\/02\/opus23.png","contentUrl":"https:\/\/www.opusdesign.fr\/opus\/wp-content\/uploads\/2023\/02\/opus23.png","width":102,"height":104,"caption":"opus design"},"image":{"@id":"https:\/\/www.opusdesign.fr\/opus\/#\/schema\/logo\/image\/"},"sameAs":["https:\/\/www.facebook.com\/Opusdesignface\/","https:\/\/x.com\/MikaLkitwiiit"]}]}},"_links":{"self":[{"href":"https:\/\/www.opusdesign.fr\/opus\/wp-json\/wp\/v2\/pages\/2318","targetHints":{"allow":["GET"]}}],"collection":[{"href":"https:\/\/www.opusdesign.fr\/opus\/wp-json\/wp\/v2\/pages"}],"about":[{"href":"https:\/\/www.opusdesign.fr\/opus\/wp-json\/wp\/v2\/types\/page"}],"author":[{"embeddable":true,"href":"https:\/\/www.opusdesign.fr\/opus\/wp-json\/wp\/v2\/users\/1"}],"replies":[{"embeddable":true,"href":"https:\/\/www.opusdesign.fr\/opus\/wp-json\/wp\/v2\/comments?post=2318"}],"version-history":[{"count":4,"href":"https:\/\/www.opusdesign.fr\/opus\/wp-json\/wp\/v2\/pages\/2318\/revisions"}],"predecessor-version":[{"id":3432,"href":"https:\/\/www.opusdesign.fr\/opus\/wp-json\/wp\/v2\/pages\/2318\/revisions\/3432"}],"wp:attachment":[{"href":"https:\/\/www.opusdesign.fr\/opus\/wp-json\/wp\/v2\/media?parent=2318"}],"curies":[{"name":"wp","href":"https:\/\/api.w.org\/{rel}","templated":true}]}}